{"id":207,"date":"2024-05-08T14:37:48","date_gmt":"2024-05-08T18:37:48","guid":{"rendered":"https:\/\/heritage.swlauriersb.qc.ca\/news\/newsletter\/"},"modified":"2025-08-31T13:21:27","modified_gmt":"2025-08-31T17:21:27","slug":"infolettre","status":"publish","type":"page","link":"https:\/\/heritage.swlauriersb.qc.ca\/fr\/nouvelles\/infolettre\/","title":{"rendered":"Infolettre"},"content":{"rendered":"\n<p><a href=\"https:\/\/secure.smore.com\/n\/ydu630\" target=\"_blank\" rel=\"noopener\">Infolettre 29 ao\u00fbt 2025 &#8211; Retour \u00e0 l&#8217;\u00e9cole (2 septembre 2025)<\/a><\/p>\n\n\n\n<p><a href=\"https:\/\/secure.smore.com\/n\/ak6er\" target=\"_blank\" rel=\"noopener\">Infolettre 7 juillet 2025 &#8211; Y compris le calendrier scolaire 2025-2026 et les fournitures scolaires<\/a><\/p>\n\n\n\n<p><a href=\"https:\/\/secure.smore.com\/n\/s7vbc\" target=\"_blank\" rel=\"noopener\">Infolettre 7 avril 2025<\/a><\/p>\n\n\n\n<p><a href=\"https:\/\/secure.smore.com\/n\/nxrbjd\" target=\"_blank\" rel=\"noopener\">Infolettre 24 mars 2025<\/a><\/p>\n\n\n\n<p><a href=\"https:\/\/secure.smore.com\/n\/af8u9\" target=\"_blank\" rel=\"noopener\">Infolettre 24 fevrier 2025<\/a><\/p>\n\n\n\n<p><a href=\"https:\/\/secure.smore.com\/n\/bq7v2\" target=\"_blank\" rel=\"noopener\">Infolettre 25 novembre 2024<\/a><\/p>\n\n\n\n<p><a href=\"https:\/\/secure.smore.com\/n\/3yk98\" target=\"_blank\" rel=\"noopener\">Infolettre 28 octobre 2024<\/a><\/p>\n\n\n\n<p><a href=\"https:\/\/secure.smore.com\/n\/7jk6p\" target=\"_blank\" rel=\"noopener\">Infolettre 27 septembre 2024<\/a><\/p>\n\n\n\n<p><a href=\"https:\/\/secure.smore.com\/n\/bmw6h\" target=\"_blank\" rel=\"noopener\">Infolettre 19 septembre 2024<\/a><\/p>\n\n\n\n<p><a href=\"https:\/\/secure.smore.com\/n\/dc5m2\" target=\"_blank\" rel=\"noopener\">Infolettre 16 septembre 2024 &#8211; Premier Jour D&#8217;<\/a><a href=\"https:\/\/secure.smore.com\/n\/au9p5t\" target=\"_blank\" rel=\"noopener\">\u00c9cole<\/a> (Prise 2)<\/p>\n\n\n\n<p><a href=\"https:\/\/secure.smore.com\/n\/au9p5t\" target=\"_blank\" rel=\"noopener\">Infolettre septembre 2024 &#8211; Premier Jour D&#8217;\u00c9cole et Service de Traiteur<\/a><\/p>\n\n\n\n<p><a href=\"https:\/\/secure.smore.com\/n\/ymj2z\" data-type=\"link\" data-id=\"https:\/\/secure.smore.com\/n\/ymj2z\" target=\"_blank\" rel=\"noopener\">Infolettre ao\u00fbt 2024<\/a><\/p>\n\n\n\n<p><a href=\"https:\/\/secure.smore.com\/n\/barhc\" data-type=\"link\" data-id=\"https:\/\/secure.smore.com\/n\/barhc\" target=\"_blank\" rel=\"noopener\">Infolettre juin 2024<\/a><\/p>\n","protected":false},"excerpt":{"rendered":"<p>Infolettre 29 ao\u00fbt 2025 &#8211; Retour \u00e0 l&#8217;\u00e9cole (2 septembre 2025) Infolettre 7 juillet 2025 &#8211; Y compris le calendrier scolaire 2025-2026 et les fournitures scolaires Infolettre 7 avril 2025 Infolettre 24 mars 2025 Infolettre 24 fevrier 2025 Infolettre 25 novembre 2024 Infolettre 28 octobre 2024 Infolettre 27 septembre 2024 Infolettre 19 septembre 2024 Infolettre&hellip;<\/p>\n","protected":false},"author":1,"featured_media":0,"parent":205,"menu_order":0,"comment_status":"closed","ping_status":"closed","template":"","meta":{"_acf_changed":false,"_relevanssi_hide_post":"","_relevanssi_hide_content":"","_relevanssi_pin_for_all":"","_relevanssi_pin_keywords":"","_relevanssi_unpin_keywords":"","_relevanssi_related_keywords":"","_relevanssi_related_include_ids":"","_relevanssi_related_exclude_ids":"","_relevanssi_related_no_append":"","_relevanssi_related_not_related":"","_relevanssi_related_posts":"744","_relevanssi_noindex_reason":"","footnotes":""},"acf":[],"_links":{"self":[{"href":"https:\/\/heritage.swlauriersb.qc.ca\/fr\/wp-json\/wp\/v2\/pages\/207"}],"collection":[{"href":"https:\/\/heritage.swlauriersb.qc.ca\/fr\/wp-json\/wp\/v2\/pages"}],"about":[{"href":"https:\/\/heritage.swlauriersb.qc.ca\/fr\/wp-json\/wp\/v2\/types\/page"}],"author":[{"embeddable":true,"href":"https:\/\/heritage.swlauriersb.qc.ca\/fr\/wp-json\/wp\/v2\/users\/1"}],"replies":[{"embeddable":true,"href":"https:\/\/heritage.swlauriersb.qc.ca\/fr\/wp-json\/wp\/v2\/comments?post=207"}],"version-history":[{"count":7,"href":"https:\/\/heritage.swlauriersb.qc.ca\/fr\/wp-json\/wp\/v2\/pages\/207\/revisions"}],"predecessor-version":[{"id":994,"href":"https:\/\/heritage.swlauriersb.qc.ca\/fr\/wp-json\/wp\/v2\/pages\/207\/revisions\/994"}],"up":[{"embeddable":true,"href":"https:\/\/heritage.swlauriersb.qc.ca\/fr\/wp-json\/wp\/v2\/pages\/205"}],"wp:attachment":[{"href":"https:\/\/heritage.swlauriersb.qc.ca\/fr\/wp-json\/wp\/v2\/media?parent=207"}],"curies":[{"name":"wp","href":"https:\/\/api.w.org\/{rel}","templated":true}]}}