{"id":208,"date":"2024-05-08T14:20:59","date_gmt":"2024-05-08T18:20:59","guid":{"rendered":"https:\/\/heritage.swlauriersb.qc.ca\/our-school-about-us\/"},"modified":"2025-07-03T18:28:08","modified_gmt":"2025-07-03T22:28:08","slug":"notre-ecole-a-propos-de-nous","status":"publish","type":"page","link":"https:\/\/heritage.swlauriersb.qc.ca\/fr\/notre-ecole-a-propos-de-nous\/","title":{"rendered":"Notre \u00c9cole \/ \u00c0 Propos de Nous"},"content":{"rendered":"\n<h2 class=\"wp-block-heading\">Bassin d\u2019Alimentation<\/h2>\n\n\n\n<p>Le secteur de fr\u00e9quentation de l&#8217;\u00c9cole Primaire H\u00e9ritage a \u00e9t\u00e9 adopt\u00e9 \u00e0 la s\u00e9ance du Conseil des Commissaires du 21 juin 2023.<\/p>\n\n\n\n<p>L&#8217;\u00e9cole Primaire H\u00e9ritage dessert les \u00e9l\u00e8ves qui habitent \u00e0 Saint-Lin-Laurentides, Saint-Calixte, Saint-Esprit, Saint-Roch-de-l&#8217;Achigan, Saint-Roch-Ouest, Sainte-Julienne, Sainte-Sophie, Sainte-Anne-des-Plaines et La Plaine.<\/p>\n\n\n\n<div class=\"wp-block-buttons is-layout-flex wp-block-buttons-is-layout-flex\">\n<div class=\"wp-block-button\"><a class=\"wp-block-button__link wp-element-button\" href=\"https:\/\/heritage.swlauriersb.qc.ca\/wp-content\/uploads\/sites\/45\/2024\/08\/149-St-Lin.pdf\">Cliquer ici pour voir la carte du bassin d&#8217;alimentation<i class=\"icon-arrow-left\"><\/i><\/a><\/div>\n<\/div>\n\n\n\n<h2 class=\"wp-block-heading\">Notre Philosophie<\/h2>\n\n\n\n<p><strong>Vision<\/strong><\/p>\n\n\n\n<p>Une \u00e9cole s\u00fbre et accueillante o\u00f9 la curiosit\u00e9 s&#8217;\u00e9panouit et o\u00f9 chaque esprit et chaque c\u0153ur en croissance se sentent \u00e0 leur place.<\/p>\n\n\n\n<p><strong>Mission<\/strong><\/p>\n\n\n\n<p>Notre mission est d&#8217;\u00e9duquer et d&#8217;entretenir un \u00e9quilibre entre l&#8217;excellence acad\u00e9mique et la croissance \u00e9motionnelle. En vivant la gentillesse, la responsabilit\u00e9, le respect et l&#8217;empathie, nous guidons les \u00e9l\u00e8ves pour qu&#8217;ils deviennent des personnes r\u00e9fl\u00e9chies et ind\u00e9pendantes capables de r\u00e9soudre des probl\u00e8mes. Gr\u00e2ce \u00e0 des traditions et des \u00e9v\u00e9nements communautaires significatifs, chaque enfant se sent vu, valoris\u00e9 et connect\u00e9.<\/p>\n\n\n\n<p><\/p>\n\n\n\n<h2 class=\"wp-block-heading\">Nos Valeurs<\/h2>\n\n\n\n<p><strong>Gentillesse<\/strong>               \u00catre amical, serviable et penser \u00e0 soi et aux autres<\/p>\n\n\n\n<p><strong>Responsabilit\u00e9<\/strong>       Assumer la responsabilit\u00e9 de ses actes<\/p>\n\n\n\n<p><strong>Respect<\/strong>                     Appr\u00e9cier les croyances et les id\u00e9es de chacun<\/p>\n\n\n\n<p><strong>Empathie<\/strong>                  Comprendre et prendre en compte les sentiments des autres<\/p>\n\n\n\n<p><\/p>\n\n\n\n<h2 class=\"wp-block-heading\">Informations G\u00e9n\u00e9rales<\/h2>\n\n\n\n<p><strong><u>Environnement Externe<\/u><\/strong><\/p>\n\n\n\n<p>L&#8217;\u00e9cole primaire Heritage est une \u00e9cole primaire anglophone de la Commission scolaire Sir-Wilfrid. L&#8217;\u00e9cole primaire Heritage est situ\u00e9e \u00e0 Saint-Lin-Laurentides, dans la r\u00e9gion de Lanaudi\u00e8re.<\/p>\n\n\n\n<p>L&#8217;\u00e9cole primaire H\u00e9ritage a \u00e9t\u00e9 inaugur\u00e9e le 12 mai 2025.. Le b\u00e2timent est situ\u00e9 sur la 9e avenue. Notre cour d&#8217;\u00e9cole comprend un terrain de soccer synth\u00e9tique, un terrain de basket-ball, des \u00e9quipements de terrain de jeux, une aire pav\u00e9e avec des jeux de cour d&#8217;\u00e9cole peints sur l&#8217;asphalte et une aire de tables de pique-nique.<\/p>\n\n\n\n<p><strong><u>Environnement Interne<\/u><\/strong>&nbsp;<\/p>\n\n\n\n<p>L&#8217;\u00e9cole Primaire Heritage accueille environ 311 \u00e9l\u00e8ves de la pr\u00e9-maternelle \u00e0 la 6e ann\u00e9e.<\/p>\n\n\n\n<p>L&#8217;\u00e9cole compte environ 40 membres du personnel. L&#8217;\u00e9cole Primaire Heritage dispose de 16 salles de classe, d&#8217;une salle d&#8217;art, d&#8217;une salle de musique, d&#8217;une biblioth\u00e8que, de 2 salles sensorielles, d&#8217;un gymnase double et d&#8217;une salle polyvalente\/caf\u00e9t\u00e9ria.<\/p>\n\n\n\n<p>Voici la r\u00e9partition du temps allou\u00e9 par mati\u00e8re \u00e0 l&#8217;\u00c9colePrimaire H\u00e9ritage:<\/p>\n\n\n\n<figure class=\"wp-block-table\"><table><tbody><tr><td>Maternelle 4 ans &amp; 5 ans<\/td><td>85% Anglais<br> * Anglais &#8211; 1080 min.<br> * \u00c9ducation Physique &#8211; 120 min.<br><\/td><td>15% Fran\u00e7ais<br> * FLS (Immersion) &#8211; 150 min.<br> * Musique &#8211; 60 min.<br> <\/td><\/tr><tr><td>1er Cycle<\/td><td>64% Anglais<br> * Anglais &#8211; 420 min.<br> * Math\u00e9matique &#8211; 420 min.<br> * \u00c9ducation Physique &#8211; 120 min.<br><\/td><td>36% Fran\u00e7ais<br> * FLS (Immersion) &#8211; 360 min.<br> * Musique &#8211; 60 min.<br> * CCQ &#8211; 60 min.<br> * Arts Plastiques &#8211; 60 min.<\/td><\/tr><tr><td>2e Cycle<\/td><td>56% Anglais<br> * Anglais &#8211; 420 min.<br> * Math\u00e9matique &#8211; 300 min.<br> * Science &#8211; 60 min.<br> * Univers Social &#8211; 60 min.<br> * \u00c9ducation Physique &#8211; 120 min.<\/td><td>36% Fran\u00e7ais<br> * FLS (Immersion) &#8211; 360 min.<br> * Musique &#8211; 60 min.<br> * CCQ &#8211; 60 min.<br> * Arts Plastiques &#8211; 60 min.<br><\/td><\/tr><tr><td>3e Cycle<\/td><td>52% Anglais<br> * Anglais &#8211; 360 min.<br> * Math\u00e9matique &#8211; 300 min.<br> * Science &#8211; 60 min.<br> * Univers Social &#8211; 60 min.<br> * \u00c9ducation Physique &#8211; 120 min.<\/td><td>36% Fran\u00e7ais<br> * FLS (Immersion) &#8211; 360 min.<br> * Musique &#8211; 60 min.<br> * CCQ &#8211; 60 min.<br> * Arts Plastiques &#8211; 60 min.<br><\/td><\/tr><\/tbody><\/table><\/figure>\n\n\n\n<h2 class=\"wp-block-heading\">Participation des Parents<\/h2>\n\n\n\n<p>L&#8217;e Conseil d&#8217;\u00c9tablissement et l&#8217;O.P.P.<\/p>\n\n\n\n<p>Le Conseil d&#8217;\u00c9tablissement et l&#8217;O.P.P. de l&#8217;H\u00e9ritage se r\u00e9unissent une fois par mois au cours de l&#8217;ann\u00e9e scolaire. Il s&#8217;agit de r\u00e9unions ouverte. Nos b\u00e9n\u00e9voles et nos comit\u00e9s apportent leur soutien \u00e0 nos \u00e9l\u00e8ves et contribuent \u00e0 la r\u00e9alisation de nos objectifs \u00e9ducatifs.<\/p>\n\n\n\n<p><\/p>\n\n\n\n<h2 class=\"wp-block-heading\">Services<\/h2>\n\n\n\n<p><strong><u>Programmes Apr\u00e8s l\u2019\u00c9cole et Service de Garde<\/u><\/strong><\/p>\n\n\n\n<p>H\u00e9ritage offre un service de garde de 6h30 \u00e0 18h.<\/p>\n\n\n\n<p>Un calendrier mensuel des \u00e9v\u00e9nements sera fourni aux parents avec les \u00e9v\u00e9nements sp\u00e9ciaux qui seront organis\u00e9s pendant l&#8217;ann\u00e9e scolaire.<\/p>\n\n\n\n<h2 class=\"wp-block-heading\">\u00c9v\u00e9nements et Activit\u00e9s<\/h2>\n\n\n\n<p><\/p>\n","protected":false},"excerpt":{"rendered":"<p>Bassin d\u2019Alimentation Le secteur de fr\u00e9quentation de l&#8217;\u00c9cole Primaire H\u00e9ritage a \u00e9t\u00e9 adopt\u00e9 \u00e0 la s\u00e9ance du Conseil des Commissaires du 21 juin 2023. L&#8217;\u00e9cole Primaire H\u00e9ritage dessert les \u00e9l\u00e8ves qui habitent \u00e0 Saint-Lin-Laurentides, Saint-Calixte, Saint-Esprit, Saint-Roch-de-l&#8217;Achigan, Saint-Roch-Ouest, Sainte-Julienne, Sainte-Sophie, Sainte-Anne-des-Plaines et La Plaine. Notre Philosophie Vision Une \u00e9cole s\u00fbre et accueillante o\u00f9 la curiosit\u00e9&hellip;<\/p>\n","protected":false},"author":1,"featured_media":0,"parent":0,"menu_order":0,"comment_status":"closed","ping_status":"closed","template":"","meta":{"_acf_changed":false,"_relevanssi_hide_post":"","_relevanssi_hide_content":"","_relevanssi_pin_for_all":"","_relevanssi_pin_keywords":"","_relevanssi_unpin_keywords":"","_relevanssi_related_keywords":"","_relevanssi_related_include_ids":"","_relevanssi_related_exclude_ids":"","_relevanssi_related_no_append":"","_relevanssi_related_not_related":"","_relevanssi_related_posts":"744","_relevanssi_noindex_reason":"","footnotes":""},"acf":[],"_links":{"self":[{"href":"https:\/\/heritage.swlauriersb.qc.ca\/fr\/wp-json\/wp\/v2\/pages\/208"}],"collection":[{"href":"https:\/\/heritage.swlauriersb.qc.ca\/fr\/wp-json\/wp\/v2\/pages"}],"about":[{"href":"https:\/\/heritage.swlauriersb.qc.ca\/fr\/wp-json\/wp\/v2\/types\/page"}],"author":[{"embeddable":true,"href":"https:\/\/heritage.swlauriersb.qc.ca\/fr\/wp-json\/wp\/v2\/users\/1"}],"replies":[{"embeddable":true,"href":"https:\/\/heritage.swlauriersb.qc.ca\/fr\/wp-json\/wp\/v2\/comments?post=208"}],"version-history":[{"count":7,"href":"https:\/\/heritage.swlauriersb.qc.ca\/fr\/wp-json\/wp\/v2\/pages\/208\/revisions"}],"predecessor-version":[{"id":957,"href":"https:\/\/heritage.swlauriersb.qc.ca\/fr\/wp-json\/wp\/v2\/pages\/208\/revisions\/957"}],"wp:attachment":[{"href":"https:\/\/heritage.swlauriersb.qc.ca\/fr\/wp-json\/wp\/v2\/media?parent=208"}],"curies":[{"name":"wp","href":"https:\/\/api.w.org\/{rel}","templated":true}]}}