{"id":209,"date":"2024-05-08T14:21:24","date_gmt":"2024-05-08T18:21:24","guid":{"rendered":"https:\/\/heritage.swlauriersb.qc.ca\/our-school-about-us\/principals-message\/"},"modified":"2024-07-17T22:04:58","modified_gmt":"2024-07-18T02:04:58","slug":"message-de-la-direction","status":"publish","type":"page","link":"https:\/\/heritage.swlauriersb.qc.ca\/fr\/notre-ecole-a-propos-de-nous\/message-de-la-direction\/","title":{"rendered":"Message de la Direction"},"content":{"rendered":"\n<h4 class=\"wp-block-heading\">Ch\u00e8re Communaut\u00e9 de l&#8217;\u00e9cole primaire H\u00e9ritage,<\/h4>\n\n\n\n<p>En tant que fi\u00e8re directrice d&#8217;H\u00e9ritage, avec 26 ans d\u2019exp\u00e9rience dans le domaine de l&#8217;\u00e9ducation,  c\u2019est un honneur et un plaisir d\u2019avoir \u00e9t\u00e9 nomm\u00e9e directrice de la nouvelle \u00e9cole de la CSSWL. En collaboration avec le personnel, mon objectif est d\u2019aider votre enfant dans son parcours \u00e9ducatif. Je crois fermement \u00e0 la communication ouverte et au travail d\u2019\u00e9quipe. En partenariat, nous pouvons travailler ensemble dans la m\u00eame direction, c\u2019est-\u00e0-dire la r\u00e9ussite de votre enfant. Afin d\u2019\u00eatre des communicateurs efficaces et de travailler en \u00e9quipe pour r\u00e9soudre les pr\u00e9occupations ou les conflits, nous devons faire preuve de confiance, de respect, de compr\u00e9hension et d\u2019empathie. Il s\u2019agit l\u00e0 de mes valeurs fondamentales dans mon r\u00f4le de directrice.&nbsp;<\/p>\n\n\n\n<p>Alors que nous nous pr\u00e9parons \u00e0 ouvrir nos portes pour la premi\u00e8re fois, je suis remplie d\u2019un \u00e9norme sentiment d\u2019anticipation face aux incroyables opportunit\u00e9s qui nous attendent. Ma mission est de favoriser un environnement stimulant o\u00f9 chaque enfant peut s\u2019\u00e9panouir acad\u00e9miquement, socialement et \u00e9motionnellement, et o\u00f9 les \u00e9l\u00e8ves apprennent \u00e0 faire preuve d\u2019une pens\u00e9e critique et de bienveillance de mani\u00e8re \u00e0 apporter une contribution significative \u00e0 notre communaut\u00e9 tout enti\u00e8re.&nbsp;<\/p>\n\n\n\n<p>Alors que nous entamons ce formidable parcours, je vous invite \u00e0 vous joindre \u00e0 nous pour fa\u00e7onner l\u2019avenir de l\u2019\u00e9ducation \u00e0 l\u2019\u00e9cole primaire H\u00e9ritage. Votre contribution, votre implication et votre soutien sont inestimables alors que nous travaillons ensemble pour cr\u00e9er une \u00e9cole qui refl\u00e8te les espoirs et les aspirations de toute notre communaut\u00e9.&nbsp;<\/p>\n\n\n\n<p>Encore une fois, c\u2019est avec beaucoup d\u2019effervescence et d\u2019enthousiasme que je me joins \u00e0 la communaut\u00e9 de l\u2019\u00e9cole primaire H\u00e9ritage. Je suis impatiente de collaborer et de rencontrer chacune et chacun d\u2019entre vous. Votre aide et votre coop\u00e9ration sont essentielles pour que nous vivions une ann\u00e9e scolaire r\u00e9ussie. Comme le dit le proverbe Africain\u202f: \u00ab\u202fIl faut un village pour \u00e9lever un enfant\u202f\u00bb. Nous, en tant qu\u2019\u00e9quipe, sommes le village.<\/p>\n\n\n\n<p>Cordialement,<\/p>\n\n\n\n<p><strong>Chantal Roberge<\/strong><br>Directrice, \u00c9cole Primaire H\u00e9ritage<\/p>\n","protected":false},"excerpt":{"rendered":"<p>Ch\u00e8re Communaut\u00e9 de l&#8217;\u00e9cole primaire H\u00e9ritage, En tant que fi\u00e8re directrice d&#8217;H\u00e9ritage, avec 26 ans d\u2019exp\u00e9rience dans le domaine de l&#8217;\u00e9ducation, c\u2019est un honneur et un plaisir d\u2019avoir \u00e9t\u00e9 nomm\u00e9e directrice de la nouvelle \u00e9cole de la CSSWL. En collaboration avec le personnel, mon objectif est d\u2019aider votre enfant dans son parcours \u00e9ducatif. Je crois&hellip;<\/p>\n","protected":false},"author":1,"featured_media":0,"parent":208,"menu_order":0,"comment_status":"closed","ping_status":"closed","template":"","meta":{"_acf_changed":false,"_relevanssi_hide_post":"","_relevanssi_hide_content":"","_relevanssi_pin_for_all":"","_relevanssi_pin_keywords":"","_relevanssi_unpin_keywords":"","_relevanssi_related_keywords":"","_relevanssi_related_include_ids":"","_relevanssi_related_exclude_ids":"","_relevanssi_related_no_append":"","_relevanssi_related_not_related":"","_relevanssi_related_posts":"","_relevanssi_noindex_reason":"","footnotes":""},"acf":[],"_links":{"self":[{"href":"https:\/\/heritage.swlauriersb.qc.ca\/fr\/wp-json\/wp\/v2\/pages\/209"}],"collection":[{"href":"https:\/\/heritage.swlauriersb.qc.ca\/fr\/wp-json\/wp\/v2\/pages"}],"about":[{"href":"https:\/\/heritage.swlauriersb.qc.ca\/fr\/wp-json\/wp\/v2\/types\/page"}],"author":[{"embeddable":true,"href":"https:\/\/heritage.swlauriersb.qc.ca\/fr\/wp-json\/wp\/v2\/users\/1"}],"replies":[{"embeddable":true,"href":"https:\/\/heritage.swlauriersb.qc.ca\/fr\/wp-json\/wp\/v2\/comments?post=209"}],"version-history":[{"count":5,"href":"https:\/\/heritage.swlauriersb.qc.ca\/fr\/wp-json\/wp\/v2\/pages\/209\/revisions"}],"predecessor-version":[{"id":539,"href":"https:\/\/heritage.swlauriersb.qc.ca\/fr\/wp-json\/wp\/v2\/pages\/209\/revisions\/539"}],"up":[{"embeddable":true,"href":"https:\/\/heritage.swlauriersb.qc.ca\/fr\/wp-json\/wp\/v2\/pages\/208"}],"wp:attachment":[{"href":"https:\/\/heritage.swlauriersb.qc.ca\/fr\/wp-json\/wp\/v2\/media?parent=209"}],"curies":[{"name":"wp","href":"https:\/\/api.w.org\/{rel}","templated":true}]}}