{"id":210,"date":"2024-05-08T14:26:06","date_gmt":"2024-05-08T18:26:06","guid":{"rendered":"https:\/\/heritage.swlauriersb.qc.ca\/our-school-about-us\/registration\/"},"modified":"2026-01-06T20:59:49","modified_gmt":"2026-01-07T01:59:49","slug":"inscription","status":"publish","type":"page","link":"https:\/\/heritage.swlauriersb.qc.ca\/fr\/notre-ecole-a-propos-de-nous\/inscription\/","title":{"rendered":"Inscription"},"content":{"rendered":"\n<h2 class=\"wp-block-heading\">NOUVELLES INSCRIPTIONS<\/h2>\n\n\n\n<p>Vous devez prendre rendez-vous aupr\u00e8s de l\u2019\u00e9cole qui dessert votre domicile pour inscrire votre enfant \u00e0 l\u2019\u00e9cole.<\/p>\n\n\n\n<p>Les parents doivent appeler \u00e0 l\u2019\u00e9cole d\u00e9sign\u00e9e pour leur enfant pour prendre rendez-vous afin d\u2019inscrire leur enfant. Lorsque vous vous pr\u00e9senterez \u00e0 l\u2019\u00e9cole, assurez-vous d\u2019avoir en main tous les documents requis.<\/p>\n\n\n\n<p>Documents requis:<\/p>\n\n\n\n<ul>\n<li>L\u2019original du certificat de naissance grand format comportant le nom des parents<\/li>\n\n\n\n<li>Une preuve de citoyennet\u00e9 canadienne des parents<\/li>\n\n\n\n<li>Deux preuves de r\u00e9sidence au Qu\u00e9bec (re\u00e7u officiel, facture de services, etc.)<\/li>\n\n\n\n<li>Le dernier bulletin de l\u2019enfant le cas \u00e9ch\u00e9ant<\/li>\n\n\n\n<li>Le demande du certificat d\u2019admissibilit\u00e9 \u00e0 recevoir l\u2019enseignement en anglais (formulaire de demande disponible \u00e0 l\u2019\u00e9cole)<\/li>\n\n\n\n<li>Certaines \u00e9coles peuvent demander d\u2019autres documents<\/li>\n<\/ul>\n\n\n\n<p>Pour l\u2019inscription \u00e0 la maternelle 4 ans, votre enfant doit avoir 4 ans au plus tard le 30&nbsp;septembre.<\/p>\n\n\n\n<p>Pour l\u2019inscription \u00e0 la maternelle 5 ans, votre enfant doit avoir 5&nbsp;ans au plus tard le 30&nbsp;septembre.<\/p>\n\n\n\n<p>Note: Lors de l\u2019inscription de votre enfant, vous devrez remplir le formulaire Choix relatif \u00e0 l\u2019imposition de la taxe scolaire et le retourner \u00e0 la commission scolaire avant le 31 mars. Le formulaire est disponible ci-dessous.<\/p>\n\n\n\n<p><a href=\"https:\/\/www.swlauriersb.qc.ca\/wp-content\/uploads\/2024\/04\/TAXATION-choice-FORM-2025-2026.pdf\" target=\"_blank\" rel=\"noreferrer noopener\">FORMULAIRE &#8211; CHOIX RELATIF \u00c0 L&#8217;IMPOSITION DE LA TAXE SCOLAIRE<\/a><\/p>\n\n\n\n<p><\/p>\n\n\n\n<h2 class=\"wp-block-heading\">R\u00c9INSCRIPTION<\/h2>\n\n\n\n<p>La p\u00e9riode de r\u00e9inscription des \u00e9l\u00e8ves qui fr\u00e9quentent d\u00e9j\u00e0 les \u00e9coles de la commission scolaire Sir-Wilfrid-Laurier  a lieu \u00e0 la fin du mois de janvier de chaque ann\u00e9e scolaire. Les parents doivent r\u00e9inscrire leur enfant sur le Portail Parents Moza\u00efk.<\/p>\n\n\n\n<p><a href=\"https:\/\/swlsb-my.sharepoint.com\/:b:\/g\/personal\/croberge_swlauriersb_qc_ca\/IQDWVqdDR8gBR4Sgzjl4DregARRuVyCU0oX65DNlE9oXLSg?e=d5PMQo\" target=\"_blank\" rel=\"noopener\">PROCESSUS DE R\u00c9INSCRIPTION &#8211; ANN\u00c9E SCOLAIRE 2026-2027<\/a><\/p>\n\n\n\n<p><a href=\"https:\/\/www.swlauriersb.qc.ca\/wp-content\/uploads\/2024\/01\/E-Push-Mozaik-Parent-Portal_Connection-Procedures_FR_REVmb.pdf\" target=\"_blank\" rel=\"noreferrer noopener\">PORTAIL PARENTS MOZA\u00cfK &#8211; PROC\u00c9DURE DE CONNECTION<\/a><\/p>\n\n\n\n<p><a href=\"https:\/\/portailparents.ca\/accueil\/en\/\" target=\"_blank\" rel=\"noreferrer noopener\">MOZA\u00cfK PORTAL PARENT POUR LA R\u00c9INSCRIPTION<\/a><\/p>\n\n\n\n<p><\/p>\n\n\n\n<h2 class=\"wp-block-heading\">INSCRIPTION D\u2019\u00c9L\u00c8VES HORS TERRITOIRE<\/h2>\n\n\n\n<p>Un parent peut choisir d\u2019inscrire son enfant \u00e0 une \u00e9cole hors bassin d\u2019alimentation sachant que le processus doit \u00eatre r\u00e9p\u00e9t\u00e9 annuellement et qu\u2019il sera responsable de son transport. Le parent doit d\u2019abord inscrire l\u2019enfant \u00e0 l\u2019\u00e9cole qui dessert son domicile puis faire une demande d\u2019autorisation de fr\u00e9quenter une \u00e9cole hors bassin d\u2019alimentation en remplissant le formulaire pr\u00e9vu \u00e0 cet effet.<\/p>\n\n\n\n<p>Les demandes d\u2019autorisation de fr\u00e9quenter une \u00e9cole hors bassin d\u2019alimentation seront \u00e9tudi\u00e9es selon la priorit\u00e9 d\u2019inscription, la capacit\u00e9 d\u2019accueil de l\u2019\u00e9cole vis\u00e9e et les places disponibles dans les classes de l\u2019ann\u00e9e d\u2019\u00e9tudes en question, comme d\u00e9termin\u00e9 par la commission scolaire.<\/p>\n\n\n\n<p>L\u2019\u00e9l\u00e8ve qui se voit refuser l\u2019admission \u00e0 une \u00e9cole hors bassin d\u2019alimentation est inscrit \u00e0 l\u2019\u00e9cole qui dessert son domicile.<\/p>\n\n\n\n<p><a href=\"https:\/\/www.swlauriersb.qc.ca\/wp-content\/uploads\/2021\/10\/SASO_Out-of-zone-request_REV2021_FRE.pdf\" target=\"_blank\" rel=\"noreferrer noopener\">FORMULAIRE &#8211; DEMANDE HORS BASSIN D&#8217;ALIMENTATION &#8211; DOCUMENT PDF INTERACTIF<\/a><\/p>\n\n\n\n<figure class=\"wp-block-image\"><img loading=\"lazy\" decoding=\"async\" width=\"1997\" height=\"2560\" src=\"https:\/\/heritage.swlauriersb.qc.ca\/wp-content\/uploads\/sites\/45\/2025\/01\/Moi-japprends-in-ENGLISH-AT-Heritage-1-1-scaled.jpg\" alt=\"\" class=\"wp-image-817\" srcset=\"https:\/\/heritage.swlauriersb.qc.ca\/wp-content\/uploads\/sites\/45\/2025\/01\/Moi-japprends-in-ENGLISH-AT-Heritage-1-1-scaled.jpg 1997w, https:\/\/heritage.swlauriersb.qc.ca\/wp-content\/uploads\/sites\/45\/2025\/01\/Moi-japprends-in-ENGLISH-AT-Heritage-1-1-234x300.jpg 234w, https:\/\/heritage.swlauriersb.qc.ca\/wp-content\/uploads\/sites\/45\/2025\/01\/Moi-japprends-in-ENGLISH-AT-Heritage-1-1-799x1024.jpg 799w, https:\/\/heritage.swlauriersb.qc.ca\/wp-content\/uploads\/sites\/45\/2025\/01\/Moi-japprends-in-ENGLISH-AT-Heritage-1-1-768x985.jpg 768w, https:\/\/heritage.swlauriersb.qc.ca\/wp-content\/uploads\/sites\/45\/2025\/01\/Moi-japprends-in-ENGLISH-AT-Heritage-1-1-1198x1536.jpg 1198w, https:\/\/heritage.swlauriersb.qc.ca\/wp-content\/uploads\/sites\/45\/2025\/01\/Moi-japprends-in-ENGLISH-AT-Heritage-1-1-1597x2048.jpg 1597w\" sizes=\"(max-width: 1997px) 100vw, 1997px\" \/><figcaption class=\"wp-element-caption\">Moi-japprends-in-ENGLISH-AT-Heritage-1-1<\/figcaption><\/figure>\n","protected":false},"excerpt":{"rendered":"<p>NOUVELLES INSCRIPTIONS Vous devez prendre rendez-vous aupr\u00e8s de l\u2019\u00e9cole qui dessert votre domicile pour inscrire votre enfant \u00e0 l\u2019\u00e9cole. Les parents doivent appeler \u00e0 l\u2019\u00e9cole d\u00e9sign\u00e9e pour leur enfant pour prendre rendez-vous afin d\u2019inscrire leur enfant. Lorsque vous vous pr\u00e9senterez \u00e0 l\u2019\u00e9cole, assurez-vous d\u2019avoir en main tous les documents requis. Documents requis: Pour l\u2019inscription \u00e0&hellip;<\/p>\n","protected":false},"author":1,"featured_media":0,"parent":208,"menu_order":0,"comment_status":"closed","ping_status":"closed","template":"","meta":{"_acf_changed":false,"_relevanssi_hide_post":"","_relevanssi_hide_content":"","_relevanssi_pin_for_all":"","_relevanssi_pin_keywords":"","_relevanssi_unpin_keywords":"","_relevanssi_related_keywords":"","_relevanssi_related_include_ids":"","_relevanssi_related_exclude_ids":"","_relevanssi_related_no_append":"","_relevanssi_related_not_related":"","_relevanssi_related_posts":"744","_relevanssi_noindex_reason":"","footnotes":""},"acf":[],"_links":{"self":[{"href":"https:\/\/heritage.swlauriersb.qc.ca\/fr\/wp-json\/wp\/v2\/pages\/210"}],"collection":[{"href":"https:\/\/heritage.swlauriersb.qc.ca\/fr\/wp-json\/wp\/v2\/pages"}],"about":[{"href":"https:\/\/heritage.swlauriersb.qc.ca\/fr\/wp-json\/wp\/v2\/types\/page"}],"author":[{"embeddable":true,"href":"https:\/\/heritage.swlauriersb.qc.ca\/fr\/wp-json\/wp\/v2\/users\/1"}],"replies":[{"embeddable":true,"href":"https:\/\/heritage.swlauriersb.qc.ca\/fr\/wp-json\/wp\/v2\/comments?post=210"}],"version-history":[{"count":8,"href":"https:\/\/heritage.swlauriersb.qc.ca\/fr\/wp-json\/wp\/v2\/pages\/210\/revisions"}],"predecessor-version":[{"id":1014,"href":"https:\/\/heritage.swlauriersb.qc.ca\/fr\/wp-json\/wp\/v2\/pages\/210\/revisions\/1014"}],"up":[{"embeddable":true,"href":"https:\/\/heritage.swlauriersb.qc.ca\/fr\/wp-json\/wp\/v2\/pages\/208"}],"wp:attachment":[{"href":"https:\/\/heritage.swlauriersb.qc.ca\/fr\/wp-json\/wp\/v2\/media?parent=210"}],"curies":[{"name":"wp","href":"https:\/\/api.w.org\/{rel}","templated":true}]}}