{"id":212,"date":"2024-05-08T14:26:26","date_gmt":"2024-05-08T18:26:26","guid":{"rendered":"https:\/\/heritage.swlauriersb.qc.ca\/parent-information\/"},"modified":"2025-07-02T09:59:08","modified_gmt":"2025-07-02T13:59:08","slug":"informations-pour-les-parents","status":"publish","type":"page","link":"https:\/\/heritage.swlauriersb.qc.ca\/fr\/informations-pour-les-parents\/","title":{"rendered":"Informations pour les Parents"},"content":{"rendered":"\n<p>Allocation 2025-2026<\/p>\n\n\n\n<p>Voici la r\u00e9partition de notre temps-sujet pour l\u2019ann\u00e9e scolaire \u00e0 venir&nbsp;:<\/p>\n\n\n\n<p>Pr\u00e9scolaire (K4 &amp; K5)&nbsp;: 85% anglais et 15% fran\u00e7ais<\/p>\n\n\n\n<p>1080 minutes Anglais<br>150 minutes en Fran\u00e7ais<br>60 minutes Musique (Fr.)<br>120 minutes \u00c9ducation physique (anglais)<\/p>\n\n\n\n<p>Cycle 1 (Gr. 1 &amp; 2)&nbsp;: 64% anglais et 36% fran\u00e7ais<\/p>\n\n\n\n<p>420 minutes Anglais<br>420 minutes Math (anglais)<br>360 minutes en Fran\u00e7ais<br>60 minutes Musique (Fr.)<br>60 minutes CCQ (Fr.)<br>60 minutes Art (Fr.)<br>120 minutes \u00c9ducation physique (anglais)<\/p>\n\n\n\n<p>Cycle 2 (Gr. 3 &amp; 4)&nbsp;: 64% anglais et 36% fran\u00e7ais<\/p>\n\n\n\n<p>420 minutes Anglais<br>300 minutes Math (anglais)<br>60 minutes Sciences (anglais)<br>60 minutes GHC (anglais)<br>360 minutes en Fran\u00e7ais<br>60 minutes Musique (Fr.)<br>60 minutes CCQ (Fr.)<br>60 minutes Art (Fr.)<br>120 minutes \u00c9ducation physique (anglais)<\/p>\n\n\n\n<p>Cycle 3 (Gr. 5 &amp; 6)&nbsp;: 64% anglais et 36% fran\u00e7ais<\/p>\n\n\n\n<p>420 minutes Anglais<br>300 minutes Math (anglais)<br>60 minutes Sciences (anglais)<br>60 minutes GHC (anglais)<br>360 minutes en Fran\u00e7ais<br>60 minutes Musique (Fr.)<br>60 minutes CCQ (Fr.)<br>60 minutes Art (Fr.)<br>120 minutes \u00c9ducation physique (anglais)<\/p>\n\n\n\n<div data-wp-interactive=\"core\/file\" class=\"wp-block-file\"><object data-wp-bind--hidden=\"!state.hasPdfPreview\"  class=\"wp-block-file__embed\" data=\"https:\/\/heritage.swlauriersb.qc.ca\/wp-content\/uploads\/sites\/45\/2025\/07\/Agenda-Insert-2025-2026-1.pdf\" type=\"application\/pdf\" style=\"width:100%;height:600px\" aria-label=\"Contenu incorpor\u00e9 Agenda-Insert-2025-2026-1.\"><\/object><a id=\"wp-block-file--media-01dbbc5d-fcf1-473d-a784-6bdb0ef0b40b\" href=\"https:\/\/heritage.swlauriersb.qc.ca\/wp-content\/uploads\/sites\/45\/2025\/07\/Agenda-Insert-2025-2026-1.pdf\">Agenda-Insert-2025-2026-1<\/a><a href=\"https:\/\/heritage.swlauriersb.qc.ca\/wp-content\/uploads\/sites\/45\/2025\/07\/Agenda-Insert-2025-2026-1.pdf\" class=\"wp-block-file__button wp-element-button\" download aria-describedby=\"wp-block-file--media-01dbbc5d-fcf1-473d-a784-6bdb0ef0b40b\">Download<\/a><\/div>\n","protected":false},"excerpt":{"rendered":"<p>Allocation 2025-2026 Voici la r\u00e9partition de notre temps-sujet pour l\u2019ann\u00e9e scolaire \u00e0 venir&nbsp;: Pr\u00e9scolaire (K4 &amp; K5)&nbsp;: 85% anglais et 15% fran\u00e7ais 1080 minutes Anglais150 minutes en Fran\u00e7ais60 minutes Musique (Fr.)120 minutes \u00c9ducation physique (anglais) Cycle 1 (Gr. 1 &amp; 2)&nbsp;: 64% anglais et 36% fran\u00e7ais 420 minutes Anglais420 minutes Math (anglais)360 minutes en Fran\u00e7ais60&hellip;<\/p>\n","protected":false},"author":1,"featured_media":0,"parent":0,"menu_order":0,"comment_status":"closed","ping_status":"closed","template":"","meta":{"_acf_changed":false,"_relevanssi_hide_post":"","_relevanssi_hide_content":"","_relevanssi_pin_for_all":"","_relevanssi_pin_keywords":"","_relevanssi_unpin_keywords":"","_relevanssi_related_keywords":"","_relevanssi_related_include_ids":"","_relevanssi_related_exclude_ids":"","_relevanssi_related_no_append":"","_relevanssi_related_not_related":"","_relevanssi_related_posts":"744","_relevanssi_noindex_reason":"","footnotes":""},"acf":[],"_links":{"self":[{"href":"https:\/\/heritage.swlauriersb.qc.ca\/fr\/wp-json\/wp\/v2\/pages\/212"}],"collection":[{"href":"https:\/\/heritage.swlauriersb.qc.ca\/fr\/wp-json\/wp\/v2\/pages"}],"about":[{"href":"https:\/\/heritage.swlauriersb.qc.ca\/fr\/wp-json\/wp\/v2\/types\/page"}],"author":[{"embeddable":true,"href":"https:\/\/heritage.swlauriersb.qc.ca\/fr\/wp-json\/wp\/v2\/users\/1"}],"replies":[{"embeddable":true,"href":"https:\/\/heritage.swlauriersb.qc.ca\/fr\/wp-json\/wp\/v2\/comments?post=212"}],"version-history":[{"count":4,"href":"https:\/\/heritage.swlauriersb.qc.ca\/fr\/wp-json\/wp\/v2\/pages\/212\/revisions"}],"predecessor-version":[{"id":923,"href":"https:\/\/heritage.swlauriersb.qc.ca\/fr\/wp-json\/wp\/v2\/pages\/212\/revisions\/923"}],"wp:attachment":[{"href":"https:\/\/heritage.swlauriersb.qc.ca\/fr\/wp-json\/wp\/v2\/media?parent=212"}],"curies":[{"name":"wp","href":"https:\/\/api.w.org\/{rel}","templated":true}]}}