{"id":216,"date":"2024-05-08T14:27:05","date_gmt":"2024-05-08T18:27:05","guid":{"rendered":"https:\/\/heritage.swlauriersb.qc.ca\/parent-information\/parent-resources\/"},"modified":"2024-07-17T21:07:57","modified_gmt":"2024-07-18T01:07:57","slug":"ressources-pour-les-parents","status":"publish","type":"page","link":"https:\/\/heritage.swlauriersb.qc.ca\/fr\/informations-pour-les-parents\/ressources-pour-les-parents\/","title":{"rendered":"Ressources pour les Parents"},"content":{"rendered":"\n<p><a href=\"https:\/\/www.education.gouv.qc.ca\/en\/students-and-parents\/\" target=\"_blank\" rel=\"noopener\">Qu\u00e9bec \u00c9ducation<\/a><\/p>\n\n\n\n<p><a href=\"https:\/\/learnquebec.ca\/\" target=\"_blank\" rel=\"noopener\">APPRENDRE Qu\u00e9bec<\/a><\/p>\n\n\n\n<p><a href=\"https:\/\/www.ipl.org\/\" target=\"_blank\" rel=\"noopener\">Biblioth\u00e8que publique Internet<\/a><\/p>\n\n\n\n<p><a href=\"https:\/\/www.nasa.gov\/learning-resources\/nasa-kids-club\/\" target=\"_blank\" rel=\"noopener\">NASA for Kids<\/a><\/p>\n\n\n\n<p><a href=\"https:\/\/kids.nationalgeographic.com\/\" target=\"_blank\" rel=\"noopener\">National Geographic Kids<\/a><\/p>\n\n\n\n<p><a href=\"https:\/\/cemc2.math.uwaterloo.ca\/mathfrog\/\" target=\"_blank\" rel=\"noopener\">Math Frog<\/a><\/p>\n\n\n\n<p><a href=\"https:\/\/www.solitaireparadise.com\/games_list\/math-magician.html\" target=\"_blank\" rel=\"noopener\">Math Magicians Games<\/a><\/p>\n\n\n\n<p><a href=\"https:\/\/www.mathplayground.com\/games.htm\" target=\"_blank\" rel=\"noopener\">Math Playground<\/a><\/p>\n\n\n\n<p><a href=\"https:\/\/www.factmonster.com\/math\/flashcards\" target=\"_blank\" rel=\"noopener\">Math Flashcards<\/a><\/p>\n\n\n\n<p><a href=\"https:\/\/www.coolmath4kids.com\/\" target=\"_blank\" rel=\"noopener\">Cool Math 4 Kids<\/a><\/p>\n\n\n\n<p><a href=\"https:\/\/nces.ed.gov\/nceskids\/graphing\/Classic\/\" target=\"_blank\" rel=\"noopener\">Cr\u00e9er un graphique<\/a><\/p>\n","protected":false},"excerpt":{"rendered":"<p>Qu\u00e9bec \u00c9ducation APPRENDRE Qu\u00e9bec Biblioth\u00e8que publique Internet NASA for Kids National Geographic Kids Math Frog Math Magicians Games Math Playground Math Flashcards Cool Math 4 Kids Cr\u00e9er un graphique<\/p>\n","protected":false},"author":1,"featured_media":0,"parent":212,"menu_order":0,"comment_status":"closed","ping_status":"closed","template":"","meta":{"_acf_changed":false,"_relevanssi_hide_post":"","_relevanssi_hide_content":"","_relevanssi_pin_for_all":"","_relevanssi_pin_keywords":"","_relevanssi_unpin_keywords":"","_relevanssi_related_keywords":"","_relevanssi_related_include_ids":"","_relevanssi_related_exclude_ids":"","_relevanssi_related_no_append":"","_relevanssi_related_not_related":"","_relevanssi_related_posts":"","_relevanssi_noindex_reason":"","footnotes":""},"acf":[],"_links":{"self":[{"href":"https:\/\/heritage.swlauriersb.qc.ca\/fr\/wp-json\/wp\/v2\/pages\/216"}],"collection":[{"href":"https:\/\/heritage.swlauriersb.qc.ca\/fr\/wp-json\/wp\/v2\/pages"}],"about":[{"href":"https:\/\/heritage.swlauriersb.qc.ca\/fr\/wp-json\/wp\/v2\/types\/page"}],"author":[{"embeddable":true,"href":"https:\/\/heritage.swlauriersb.qc.ca\/fr\/wp-json\/wp\/v2\/users\/1"}],"replies":[{"embeddable":true,"href":"https:\/\/heritage.swlauriersb.qc.ca\/fr\/wp-json\/wp\/v2\/comments?post=216"}],"version-history":[{"count":3,"href":"https:\/\/heritage.swlauriersb.qc.ca\/fr\/wp-json\/wp\/v2\/pages\/216\/revisions"}],"predecessor-version":[{"id":508,"href":"https:\/\/heritage.swlauriersb.qc.ca\/fr\/wp-json\/wp\/v2\/pages\/216\/revisions\/508"}],"up":[{"embeddable":true,"href":"https:\/\/heritage.swlauriersb.qc.ca\/fr\/wp-json\/wp\/v2\/pages\/212"}],"wp:attachment":[{"href":"https:\/\/heritage.swlauriersb.qc.ca\/fr\/wp-json\/wp\/v2\/media?parent=216"}],"curies":[{"name":"wp","href":"https:\/\/api.w.org\/{rel}","templated":true}]}}