{"id":219,"date":"2024-05-08T14:33:11","date_gmt":"2024-05-08T18:33:11","guid":{"rendered":"https:\/\/heritage.swlauriersb.qc.ca\/services\/cafeteria\/"},"modified":"2025-07-03T19:22:56","modified_gmt":"2025-07-03T23:22:56","slug":"cafeteria","status":"publish","type":"page","link":"https:\/\/heritage.swlauriersb.qc.ca\/fr\/services\/cafeteria\/","title":{"rendered":"Caf\u00e9t\u00e9ria"},"content":{"rendered":"\n<h2 class=\"wp-block-heading\">Service de Repas Chauds et Sains<\/h2>\n\n\n\n<p>L&#8217;\u00c9cole Primaire H\u00e9ritage utilise les services de La Cantine Pour Tous.<\/p>\n\n\n\n<p>La Cantine Pour Tous est un organisme \u00e0 but non lucratif (OBNL) qui fournit actuellement des repas dans plus de 100 \u00e9coles r\u00e9parties dans 10 r\u00e9gions du Qu\u00e9bec.<\/p>\n\n\n\n<p>Sa mission est de promouvoir la s\u00e9curit\u00e9 alimentaire pour tous en facilitant l&#8217;acc\u00e8s \u00e0 une s\u00e9lection de repas sains et abordables.<\/p>\n\n\n\n<p>La Cantine Pour Tous travaillera en partenariat avec Le Buffet Acc\u00e8s Emploi, un service de traiteur situ\u00e9 \u00e0 Saint-Lin-Laurentides.<\/p>\n\n\n\n<figure class=\"wp-block-image size-large\"><img loading=\"lazy\" decoding=\"async\" width=\"653\" height=\"1024\" src=\"https:\/\/heritage.swlauriersb.qc.ca\/wp-content\/uploads\/sites\/45\/2025\/07\/La-Cantine-Pour-Tous-1-653x1024.png\" alt=\"\" class=\"wp-image-969\" srcset=\"https:\/\/heritage.swlauriersb.qc.ca\/wp-content\/uploads\/sites\/45\/2025\/07\/La-Cantine-Pour-Tous-1-653x1024.png 653w, https:\/\/heritage.swlauriersb.qc.ca\/wp-content\/uploads\/sites\/45\/2025\/07\/La-Cantine-Pour-Tous-1-191x300.png 191w, https:\/\/heritage.swlauriersb.qc.ca\/wp-content\/uploads\/sites\/45\/2025\/07\/La-Cantine-Pour-Tous-1-768x1205.png 768w, https:\/\/heritage.swlauriersb.qc.ca\/wp-content\/uploads\/sites\/45\/2025\/07\/La-Cantine-Pour-Tous-1.png 840w\" sizes=\"(max-width: 653px) 100vw, 653px\" \/><\/figure>\n","protected":false},"excerpt":{"rendered":"<p>Service de Repas Chauds et Sains L&#8217;\u00c9cole Primaire H\u00e9ritage utilise les services de La Cantine Pour Tous. La Cantine Pour Tous est un organisme \u00e0 but non lucratif (OBNL) qui fournit actuellement des repas dans plus de 100 \u00e9coles r\u00e9parties dans 10 r\u00e9gions du Qu\u00e9bec. Sa mission est de promouvoir la s\u00e9curit\u00e9 alimentaire pour tous&hellip;<\/p>\n","protected":false},"author":1,"featured_media":0,"parent":218,"menu_order":0,"comment_status":"closed","ping_status":"closed","template":"","meta":{"_acf_changed":false,"_relevanssi_hide_post":"","_relevanssi_hide_content":"","_relevanssi_pin_for_all":"","_relevanssi_pin_keywords":"","_relevanssi_unpin_keywords":"","_relevanssi_related_keywords":"","_relevanssi_related_include_ids":"","_relevanssi_related_exclude_ids":"","_relevanssi_related_no_append":"","_relevanssi_related_not_related":"","_relevanssi_related_posts":"744","_relevanssi_noindex_reason":"","footnotes":""},"acf":[],"_links":{"self":[{"href":"https:\/\/heritage.swlauriersb.qc.ca\/fr\/wp-json\/wp\/v2\/pages\/219"}],"collection":[{"href":"https:\/\/heritage.swlauriersb.qc.ca\/fr\/wp-json\/wp\/v2\/pages"}],"about":[{"href":"https:\/\/heritage.swlauriersb.qc.ca\/fr\/wp-json\/wp\/v2\/types\/page"}],"author":[{"embeddable":true,"href":"https:\/\/heritage.swlauriersb.qc.ca\/fr\/wp-json\/wp\/v2\/users\/1"}],"replies":[{"embeddable":true,"href":"https:\/\/heritage.swlauriersb.qc.ca\/fr\/wp-json\/wp\/v2\/comments?post=219"}],"version-history":[{"count":4,"href":"https:\/\/heritage.swlauriersb.qc.ca\/fr\/wp-json\/wp\/v2\/pages\/219\/revisions"}],"predecessor-version":[{"id":971,"href":"https:\/\/heritage.swlauriersb.qc.ca\/fr\/wp-json\/wp\/v2\/pages\/219\/revisions\/971"}],"up":[{"embeddable":true,"href":"https:\/\/heritage.swlauriersb.qc.ca\/fr\/wp-json\/wp\/v2\/pages\/218"}],"wp:attachment":[{"href":"https:\/\/heritage.swlauriersb.qc.ca\/fr\/wp-json\/wp\/v2\/media?parent=219"}],"curies":[{"name":"wp","href":"https:\/\/api.w.org\/{rel}","templated":true}]}}