{"id":224,"date":"2024-05-08T14:32:44","date_gmt":"2024-05-08T18:32:44","guid":{"rendered":"https:\/\/heritage.swlauriersb.qc.ca\/services\/library\/"},"modified":"2024-07-17T21:46:46","modified_gmt":"2024-07-18T01:46:46","slug":"bibliotheque","status":"publish","type":"page","link":"https:\/\/heritage.swlauriersb.qc.ca\/fr\/services\/bibliotheque\/","title":{"rendered":"Biblioth\u00e8que"},"content":{"rendered":"\n<p>H\u00e9ritage a la chance d\u2019avoir acc\u00e8s \u00e0 une nouvelle biblioth\u00e8que. Les \u00e9l\u00e8ves ont la possibilit\u00e9 de visiter la biblioth\u00e8que sur une base hebdomadaire. La pr\u00e9sence d\u2019une biblioth\u00e9caire amicale contribue \u00e0 l\u2019exp\u00e9rience positive, car ils peuvent aider les \u00e9l\u00e8ves \u00e0 trouver les bons livres et ressources.<\/p>\n\n\n\n<p>Les biblioth\u00e8ques jouent souvent un r\u00f4le crucial en favorisant l\u2019amour de la lecture et de l\u2019apprentissage, et il est merveilleux d\u2019entendre parler des efforts d\u00e9ploy\u00e9s pour fournir de telles ressources aux \u00e9l\u00e8ves.<\/p>\n\n\n\n<p>Veuillez adresser toute demande de renseignements \u00e0 Alyssa Iasenzaniro, la biblioth\u00e9caire de l\u2019\u00e9cole.<\/p>\n","protected":false},"excerpt":{"rendered":"<p>H\u00e9ritage a la chance d\u2019avoir acc\u00e8s \u00e0 une nouvelle biblioth\u00e8que. Les \u00e9l\u00e8ves ont la possibilit\u00e9 de visiter la biblioth\u00e8que sur une base hebdomadaire. La pr\u00e9sence d\u2019une biblioth\u00e9caire amicale contribue \u00e0 l\u2019exp\u00e9rience positive, car ils peuvent aider les \u00e9l\u00e8ves \u00e0 trouver les bons livres et ressources. Les biblioth\u00e8ques jouent souvent un r\u00f4le crucial en favorisant l\u2019amour&hellip;<\/p>\n","protected":false},"author":1,"featured_media":0,"parent":218,"menu_order":0,"comment_status":"closed","ping_status":"closed","template":"","meta":{"_acf_changed":false,"_relevanssi_hide_post":"","_relevanssi_hide_content":"","_relevanssi_pin_for_all":"","_relevanssi_pin_keywords":"","_relevanssi_unpin_keywords":"","_relevanssi_related_keywords":"","_relevanssi_related_include_ids":"","_relevanssi_related_exclude_ids":"","_relevanssi_related_no_append":"","_relevanssi_related_not_related":"","_relevanssi_related_posts":"","_relevanssi_noindex_reason":"","footnotes":""},"acf":[],"_links":{"self":[{"href":"https:\/\/heritage.swlauriersb.qc.ca\/fr\/wp-json\/wp\/v2\/pages\/224"}],"collection":[{"href":"https:\/\/heritage.swlauriersb.qc.ca\/fr\/wp-json\/wp\/v2\/pages"}],"about":[{"href":"https:\/\/heritage.swlauriersb.qc.ca\/fr\/wp-json\/wp\/v2\/types\/page"}],"author":[{"embeddable":true,"href":"https:\/\/heritage.swlauriersb.qc.ca\/fr\/wp-json\/wp\/v2\/users\/1"}],"replies":[{"embeddable":true,"href":"https:\/\/heritage.swlauriersb.qc.ca\/fr\/wp-json\/wp\/v2\/comments?post=224"}],"version-history":[{"count":3,"href":"https:\/\/heritage.swlauriersb.qc.ca\/fr\/wp-json\/wp\/v2\/pages\/224\/revisions"}],"predecessor-version":[{"id":523,"href":"https:\/\/heritage.swlauriersb.qc.ca\/fr\/wp-json\/wp\/v2\/pages\/224\/revisions\/523"}],"up":[{"embeddable":true,"href":"https:\/\/heritage.swlauriersb.qc.ca\/fr\/wp-json\/wp\/v2\/pages\/218"}],"wp:attachment":[{"href":"https:\/\/heritage.swlauriersb.qc.ca\/fr\/wp-json\/wp\/v2\/media?parent=224"}],"curies":[{"name":"wp","href":"https:\/\/api.w.org\/{rel}","templated":true}]}}