{"id":225,"date":"2024-05-08T14:31:16","date_gmt":"2024-05-08T18:31:16","guid":{"rendered":"https:\/\/heritage.swlauriersb.qc.ca\/services\/day-care-services\/"},"modified":"2025-11-27T15:02:57","modified_gmt":"2025-11-27T20:02:57","slug":"services-de-garde","status":"publish","type":"page","link":"https:\/\/heritage.swlauriersb.qc.ca\/fr\/services\/services-de-garde\/","title":{"rendered":"Services de Garde"},"content":{"rendered":"\n<h2 class=\"wp-block-heading\">\u00c0 Propos de Notre Services de Garde<\/h2>\n\n\n\n<p>Le services de garde de l&#8217;\u00e9cole primaire H\u00e9ritage fonctionne tous les jours d&#8217;\u00e9cole de 6 h 30 \u00e0 18 h, et tous les jours p\u00e9dagogiques de 7 h \u00e0 17 h. Veuillez consulter les documents ci-dessous pour plus d&#8217;informations.<\/p>\n\n\n\n<div data-wp-interactive=\"core\/file\" class=\"wp-block-file\"><object data-wp-bind--hidden=\"!state.hasPdfPreview\"  class=\"wp-block-file__embed\" data=\"https:\/\/heritage.swlauriersb.qc.ca\/wp-content\/uploads\/sites\/45\/2025\/07\/FRENCHHeritage-Elementary-School-Daycare-Brochure-2025-2026.pdf\" type=\"application\/pdf\" style=\"width:100%;height:600px\" aria-label=\"Contenu incorpor\u00e9 FRENCHHeritage-Elementary-School-Daycare-Brochure-2025-2026.\"><\/object><a id=\"wp-block-file--media-c85b7fb5-3883-4ca3-9741-e71289beadda\" href=\"https:\/\/heritage.swlauriersb.qc.ca\/wp-content\/uploads\/sites\/45\/2025\/07\/FRENCHHeritage-Elementary-School-Daycare-Brochure-2025-2026.pdf\">FRENCHHeritage-Elementary-School-Daycare-Brochure-2025-2026<\/a><a href=\"https:\/\/heritage.swlauriersb.qc.ca\/wp-content\/uploads\/sites\/45\/2025\/07\/FRENCHHeritage-Elementary-School-Daycare-Brochure-2025-2026.pdf\" class=\"wp-block-file__button wp-element-button\" download aria-describedby=\"wp-block-file--media-c85b7fb5-3883-4ca3-9741-e71289beadda\">Download<\/a><\/div>\n\n\n\n<h2 class=\"wp-block-heading\">Inscription<\/h2>\n\n\n\n<p>L&#8217;inscription au services de garde se fait via le Portail Parents Mozaik. Si l&#8217;inscription au services de garde ne peut se faire via le Portail Parents Mozaik, veuillez t\u00e9l\u00e9charger et compl\u00e9ter le document ci-dessous, et le soumettre \u00e0 Joan Cameron, notre technicienne de service de garde.<\/p>\n\n\n\n<p>Fomulaire d&#8217;Inscription<\/p>\n\n\n\n<div data-wp-interactive=\"core\/file\" class=\"wp-block-file\"><object data-wp-bind--hidden=\"!state.hasPdfPreview\"  class=\"wp-block-file__embed\" data=\"https:\/\/heritage.swlauriersb.qc.ca\/wp-content\/uploads\/sites\/45\/2025\/11\/Registration-2025-1.pdf\" type=\"application\/pdf\" style=\"width:100%;height:600px\" aria-label=\"Contenu incorpor\u00e9 Registration-2025-1.\"><\/object><a id=\"wp-block-file--media-98281cb8-d122-48de-aad0-d27591ee1a70\" href=\"https:\/\/heritage.swlauriersb.qc.ca\/wp-content\/uploads\/sites\/45\/2025\/11\/Registration-2025-1.pdf\">Registration-2025-1<\/a><a href=\"https:\/\/heritage.swlauriersb.qc.ca\/wp-content\/uploads\/sites\/45\/2025\/11\/Registration-2025-1.pdf\" class=\"wp-block-file__button wp-element-button\" download aria-describedby=\"wp-block-file--media-98281cb8-d122-48de-aad0-d27591ee1a70\">Download<\/a><\/div>\n","protected":false},"excerpt":{"rendered":"<p>\u00c0 Propos de Notre Services de Garde Le services de garde de l&#8217;\u00e9cole primaire H\u00e9ritage fonctionne tous les jours d&#8217;\u00e9cole de 6 h 30 \u00e0 18 h, et tous les jours p\u00e9dagogiques de 7 h \u00e0 17 h. Veuillez consulter les documents ci-dessous pour plus d&#8217;informations. Inscription L&#8217;inscription au services de garde se fait via&hellip;<\/p>\n","protected":false},"author":1,"featured_media":0,"parent":218,"menu_order":0,"comment_status":"closed","ping_status":"closed","template":"","meta":{"_acf_changed":false,"_relevanssi_hide_post":"","_relevanssi_hide_content":"","_relevanssi_pin_for_all":"","_relevanssi_pin_keywords":"","_relevanssi_unpin_keywords":"","_relevanssi_related_keywords":"","_relevanssi_related_include_ids":"","_relevanssi_related_exclude_ids":"","_relevanssi_related_no_append":"","_relevanssi_related_not_related":"","_relevanssi_related_posts":"744","_relevanssi_noindex_reason":"","footnotes":""},"acf":[],"_links":{"self":[{"href":"https:\/\/heritage.swlauriersb.qc.ca\/fr\/wp-json\/wp\/v2\/pages\/225"}],"collection":[{"href":"https:\/\/heritage.swlauriersb.qc.ca\/fr\/wp-json\/wp\/v2\/pages"}],"about":[{"href":"https:\/\/heritage.swlauriersb.qc.ca\/fr\/wp-json\/wp\/v2\/types\/page"}],"author":[{"embeddable":true,"href":"https:\/\/heritage.swlauriersb.qc.ca\/fr\/wp-json\/wp\/v2\/users\/1"}],"replies":[{"embeddable":true,"href":"https:\/\/heritage.swlauriersb.qc.ca\/fr\/wp-json\/wp\/v2\/comments?post=225"}],"version-history":[{"count":8,"href":"https:\/\/heritage.swlauriersb.qc.ca\/fr\/wp-json\/wp\/v2\/pages\/225\/revisions"}],"predecessor-version":[{"id":1012,"href":"https:\/\/heritage.swlauriersb.qc.ca\/fr\/wp-json\/wp\/v2\/pages\/225\/revisions\/1012"}],"up":[{"embeddable":true,"href":"https:\/\/heritage.swlauriersb.qc.ca\/fr\/wp-json\/wp\/v2\/pages\/218"}],"wp:attachment":[{"href":"https:\/\/heritage.swlauriersb.qc.ca\/fr\/wp-json\/wp\/v2\/media?parent=225"}],"curies":[{"name":"wp","href":"https:\/\/api.w.org\/{rel}","templated":true}]}}