{"id":227,"date":"2024-05-08T14:32:11","date_gmt":"2024-05-08T18:32:11","guid":{"rendered":"https:\/\/heritage.swlauriersb.qc.ca\/services\/transportation\/"},"modified":"2024-09-24T14:45:42","modified_gmt":"2024-09-24T18:45:42","slug":"transport-scolaire","status":"publish","type":"page","link":"https:\/\/heritage.swlauriersb.qc.ca\/fr\/services\/transport-scolaire\/","title":{"rendered":"Transport Scolaire"},"content":{"rendered":"\n<h2 class=\"wp-block-heading\">Autobus Scolaire<\/h2>\n\n\n\n<p>Visitez le site <a href=\"https:\/\/www.swlauriersb.qc.ca\/fr\/familles\/transport-scolaire\/\">https:\/\/www.swlauriersb.qc.ca\/fr\/familles\/transport-scolaire\/<\/a>   pour plus d&#8217;informations sur les transports, et visitez le Portail Parents Mozaik pour conna\u00eetre l&#8217;arr\u00eat d&#8217;autobus et l&#8217;itin\u00e9raire de votre enfant.<\/p>\n\n\n\n<h2 class=\"wp-block-heading\">Contacts d&#8217;urgence des transporteurs<\/h2>\n\n\n\n<figure class=\"wp-block-image size-full\"><img loading=\"lazy\" decoding=\"async\" width=\"692\" height=\"320\" src=\"https:\/\/heritage.swlauriersb.qc.ca\/wp-content\/uploads\/sites\/45\/2024\/09\/tRANSPORTERS-NUMBERS-1.png\" alt=\"\" class=\"wp-image-773\" srcset=\"https:\/\/heritage.swlauriersb.qc.ca\/wp-content\/uploads\/sites\/45\/2024\/09\/tRANSPORTERS-NUMBERS-1.png 692w, https:\/\/heritage.swlauriersb.qc.ca\/wp-content\/uploads\/sites\/45\/2024\/09\/tRANSPORTERS-NUMBERS-1-300x139.png 300w\" sizes=\"(max-width: 692px) 100vw, 692px\" \/><\/figure>\n","protected":false},"excerpt":{"rendered":"<p>Autobus Scolaire Visitez le site https:\/\/www.swlauriersb.qc.ca\/fr\/familles\/transport-scolaire\/ pour plus d&#8217;informations sur les transports, et visitez le Portail Parents Mozaik pour conna\u00eetre l&#8217;arr\u00eat d&#8217;autobus et l&#8217;itin\u00e9raire de votre enfant. Contacts d&#8217;urgence des transporteurs<\/p>\n","protected":false},"author":1,"featured_media":0,"parent":218,"menu_order":0,"comment_status":"closed","ping_status":"closed","template":"","meta":{"_acf_changed":false,"_relevanssi_hide_post":"","_relevanssi_hide_content":"","_relevanssi_pin_for_all":"","_relevanssi_pin_keywords":"","_relevanssi_unpin_keywords":"","_relevanssi_related_keywords":"","_relevanssi_related_include_ids":"","_relevanssi_related_exclude_ids":"","_relevanssi_related_no_append":"","_relevanssi_related_not_related":"","_relevanssi_related_posts":"744","_relevanssi_noindex_reason":"","footnotes":""},"acf":[],"_links":{"self":[{"href":"https:\/\/heritage.swlauriersb.qc.ca\/fr\/wp-json\/wp\/v2\/pages\/227"}],"collection":[{"href":"https:\/\/heritage.swlauriersb.qc.ca\/fr\/wp-json\/wp\/v2\/pages"}],"about":[{"href":"https:\/\/heritage.swlauriersb.qc.ca\/fr\/wp-json\/wp\/v2\/types\/page"}],"author":[{"embeddable":true,"href":"https:\/\/heritage.swlauriersb.qc.ca\/fr\/wp-json\/wp\/v2\/users\/1"}],"replies":[{"embeddable":true,"href":"https:\/\/heritage.swlauriersb.qc.ca\/fr\/wp-json\/wp\/v2\/comments?post=227"}],"version-history":[{"count":5,"href":"https:\/\/heritage.swlauriersb.qc.ca\/fr\/wp-json\/wp\/v2\/pages\/227\/revisions"}],"predecessor-version":[{"id":775,"href":"https:\/\/heritage.swlauriersb.qc.ca\/fr\/wp-json\/wp\/v2\/pages\/227\/revisions\/775"}],"up":[{"embeddable":true,"href":"https:\/\/heritage.swlauriersb.qc.ca\/fr\/wp-json\/wp\/v2\/pages\/218"}],"wp:attachment":[{"href":"https:\/\/heritage.swlauriersb.qc.ca\/fr\/wp-json\/wp\/v2\/media?parent=227"}],"curies":[{"name":"wp","href":"https:\/\/api.w.org\/{rel}","templated":true}]}}